{"id":298,"date":"2018-04-01T07:46:58","date_gmt":"2018-04-01T07:46:58","guid":{"rendered":"http:\/\/wp\/portfolio-light\/?page_id=298"},"modified":"2022-07-09T09:17:35","modified_gmt":"2022-07-09T08:17:35","slug":"footer-template","status":"publish","type":"page","link":"https:\/\/lexellent.me\/index.php\/footer-template\/","title":{"rendered":"Footer Template"},"content":{"rendered":"<p>[av_section min_height=&#8221; min_height_px='500px&#8217; padding='huge&#8217; shadow='no-shadow&#8217; bottom_border='no-border-styling&#8217; bottom_border_diagonal_color='#333333&#8217; bottom_border_diagonal_direction=&#8221; bottom_border_style=&#8221; custom_arrow_bg=&#8221; id='footer-template&#8217; color='footer_color&#8217; background='bg_color&#8217; custom_bg='#ffffff&#8217; background_gradient_color1=&#8221; background_gradient_color2=&#8221; background_gradient_direction='diagonal_bt&#8217; src=&#8221; attachment=&#8221; attachment_size=&#8221; attach='scroll&#8217; position='top left&#8217; repeat='no-repeat&#8217; video=&#8221; video_ratio='16:9&#8217; overlay_opacity='0.5&#8217; overlay_color=&#8221; overlay_pattern=&#8221; overlay_custom_pattern=&#8221; av_element_hidden_in_editor='0&#8217; av_uid='av-jfgi5bwp&#8217;]<\/p>\n<p>[av_one_full first min_height=&#8221; vertical_alignment='av-align-top&#8217; space=&#8221; custom_margin='aviaTBcustom_margin&#8217; margin='0px&#8217; margin_sync='true&#8217; link='page,156&#8217; linktarget=&#8221; link_hover='opacity80&#8217; padding='0px&#8217; padding_sync='true&#8217; border=&#8221; border_color=&#8221; radius='0px&#8217; radius_sync='true&#8217; background='bg_color&#8217; background_color=&#8221; background_gradient_color1=&#8221; background_gradient_color2=&#8221; background_gradient_direction='vertical&#8217; src=&#8221; attachment=&#8221; attachment_size=&#8221; background_position='top left&#8217; background_repeat='no-repeat&#8217; animation=&#8221; mobile_breaking=&#8221; mobile_display=&#8221; av_uid='av-jgs0dhmw&#8217;]<\/p>\n<p>[av_heading heading='Imate jo\u0161 pitanja? Slobodno nam po\u0161aljite poruku!&#8217; tag='h3&#8217; link_apply=&#8221; link='manually,http:\/\/&#8217; link_target=&#8221; style='blockquote modern-quote modern-centered&#8217; size='50&#8217; subheading_active=&#8221; subheading_size='30&#8217; margin='0&#8217; padding='0&#8217; color=&#8221; custom_font=&#8221; custom_class=&#8221; admin_preview_bg='rgb(255, 255, 255)&#8217; av-desktop-hide=&#8221; av-medium-hide=&#8221; av-small-hide=&#8221; av-mini-hide=&#8221; av-medium-font-size-title=&#8221; av-small-font-size-title=&#8221; av-mini-font-size-title=&#8221; av-medium-font-size=&#8221; av-small-font-size=&#8221; av-mini-font-size=&#8221;][\/av_heading]<\/p>\n<p>[av_textblock size=&#8221; font_color=&#8221; color=&#8221; av-medium-font-size=&#8221; av-small-font-size=&#8221; av-mini-font-size=&#8221; av_uid='av-jgfdunv8&#8217; admin_preview_bg=&#8221;]<\/p>\n<p style=\"text-align: center;\">U najkra\u0107em roku \u0107emo odgovoriti na svaki Va\u0161 upit. Ne postoji problem koji ne rje\u0161avamo!<\/p>\n<p>[\/av_textblock]<\/p>\n<p>[\/av_one_full][av_hr class='custom&#8217; height='50&#8217; shadow='no-shadow&#8217; position='center&#8217; custom_border='av-border-thin&#8217; custom_width='50px&#8217; custom_border_color='#d3d3d3&#8217; custom_margin_top='50px&#8217; custom_margin_bottom='50px&#8217; icon_select='yes&#8217; custom_icon_color='#072f4c&#8217; icon='uf119&#8217; font='justice&#8217; av_uid='av-jfj8eyp1&#8217; admin_preview_bg='rgb(255, 255, 255)&#8217;]<\/p>\n<p>[av_one_full first min_height=&#8221; vertical_alignment=&#8221; space=&#8221; custom_margin=&#8221; margin='0px&#8217; link=&#8221; linktarget=&#8221; link_hover=&#8221; padding='0px&#8217; border=&#8221; border_color=&#8221; radius='0px&#8217; background='bg_color&#8217; background_color=&#8221; background_gradient_color1=&#8221; background_gradient_color2=&#8221; background_gradient_direction='vertical&#8217; src=&#8221; background_position='top left&#8217; background_repeat='no-repeat&#8217; animation=&#8221; mobile_breaking=&#8221; mobile_display=&#8221; av_uid='av-6kpu2&#8217;]<\/p>\n<p>[av_buttonrow alignment='center&#8217; button_spacing='20&#8217; button_spacing_unit='px&#8217; av_uid='av-jfj7zffg&#8217; admin_preview_bg=&#8221;]<br \/>\n[av_buttonrow_item label='Follow me on Twitter&#8217; link='manually,#&#8217; link_target=&#8221; size='large&#8217; label_display='av-button-label-on-hover&#8217; icon_select='yes&#8217; icon='ue8f1&#8217; font='entypo-fontello&#8217; color='theme-color&#8217; custom_bg='#444444&#8217; custom_font='#ffffff&#8217; av_uid='av-11owzu&#8217;]<br \/>\n[av_buttonrow_item label='Follow me on Facebook&#8217; link='manually,#&#8217; link_target=&#8221; size='large&#8217; label_display='av-button-label-on-hover&#8217; icon_select='yes&#8217; icon='ue8f3&#8217; font='entypo-fontello&#8217; color='theme-color&#8217; custom_bg='#444444&#8217; custom_font='#ffffff&#8217; av_uid='av-v30ya&#8217;]<br \/>\n[av_buttonrow_item label='Follow me on Dribbble&#8217; link='manually,#&#8217; link_target=&#8221; size='large&#8217; label_display='av-button-label-on-hover&#8217; icon_select='yes&#8217; icon='ue8fe&#8217; font='entypo-fontello&#8217; color='theme-color&#8217; custom_bg='#444444&#8217; custom_font='#ffffff&#8217; av_uid='av-qfwqy&#8217;]<br \/>\n[av_buttonrow_item label='Follow me on Instagram&#8217; link='manually,#&#8217; link_target=&#8221; size='large&#8217; label_display='av-button-label-on-hover&#8217; icon_select='yes&#8217; icon='ue909&#8217; font='entypo-fontello&#8217; color='theme-color&#8217; custom_bg='#444444&#8217; custom_font='#ffffff&#8217; av_uid='av-jx31m&#8217;]<br \/>\n[av_buttonrow_item label='Follow me on LinkedIn&#8217; link='manually,#&#8217; link_target=&#8221; size='large&#8217; label_display='av-button-label-on-hover&#8217; icon_select='yes&#8217; icon='ue8fc&#8217; font='entypo-fontello&#8217; color='theme-color&#8217; custom_bg='#444444&#8217; custom_font='#ffffff&#8217; av_uid='av-g4seq&#8217;]<br \/>\n[av_buttonrow_item label='Get in touch&#8217; link='manually,#&#8217; link_target=&#8221; size='large&#8217; label_display='av-button-label-on-hover&#8217; icon_select='yes&#8217; icon='ue805&#8217; font='entypo-fontello&#8217; color='theme-color&#8217; custom_bg='#444444&#8217; custom_font='#ffffff&#8217; av_uid='av-6qf2y&#8217;]<br \/>\n[\/av_buttonrow]<\/p>\n<p>[av_textblock size='12&#8217; font_color=&#8221; color=&#8221; av-medium-font-size=&#8221; av-small-font-size=&#8221; av-mini-font-size=&#8221; av_uid='av-jgqlrqxr&#8217; admin_preview_bg=&#8221;]<\/p>\n<p style=\"text-align: center;\"><strong>IMPRINT<\/strong><\/p>\n<p style=\"text-align: center;\">Lexellent d.o.o. Pravna Agencija | Pravni zastupnici | Bulevar D\u017eord\u017ea Va\u0161ingtona br. 6<br \/>\nTelefon: +382 (0)69 559 355 | Email: <a href=\"mailto:liveoffice@lexellent.me\">liveoffice@lexellent.me<\/a><\/p>\n<p style=\"text-align: center;\">Smje\u0161teni u Crnooj, pravna agencija Lexellent d.o.o. zastupa klijente \u0161irom Crne Gore.<\/p>\n<p style=\"text-align: center;\"><strong>UPUTA<\/strong><\/p>\n<p id=\"tw-target-text\" class=\"tw-data-text tw-ta tw-text-small\" dir=\"ltr\" style=\"text-align: center;\" data-placeholder=\"\u041f\u0440\u0435\u0432\u043e\u0434\"><span lang=\"bs\" tabindex=\"0\">Informacije sadr\u017eane na ovoj web strani slu\u017ee samo za op\u0161te informacije. Informacije se daju putem [poslovnog naziva] i dok nastojimo da informacije budu a\u017eurne i ispravne, ne dajemo nikakve izjave ili garancije bilo koje vrste, eksplicitne ili implicitne, u pogledu kompletnosti, ta\u010dnosti, pouzdanosti, prikladnosti ili dostupnosti s obzirom na web stranicu ili informacije, proizvode, usluge ili povezane grafike sadr\u017eane na web stranici za bilo koju svrhu. Svako oslanjanje na takve informacije je stoga na va\u0161em riziku.<\/span><\/p>\n<p>[\/av_textblock]<\/p>\n<p>[\/av_one_full][av_hr class='custom&#8217; height='50&#8217; shadow='no-shadow&#8217; position='center&#8217; custom_border='av-border-thin&#8217; custom_width='50px&#8217; custom_border_color='#d3d3d3&#8217; custom_margin_top='30px&#8217; custom_margin_bottom='30px&#8217; icon_select='yes&#8217; custom_icon_color='#072f4c&#8217; icon='uf119&#8217; font='justice&#8217; av_uid='av-jfj8eyp1&#8217; admin_preview_bg='rgb(255, 255, 255)&#8217;]<\/p>\n<p>[av_one_third first min_height=&#8221; vertical_alignment='av-align-top&#8217; space=&#8221; custom_margin='aviaTBcustom_margin&#8217; margin='0px&#8217; margin_sync='true&#8217; link=&#8221; linktarget=&#8221; link_hover=&#8221; padding='0px&#8217; padding_sync='true&#8217; border=&#8221; border_color=&#8221; radius='0px&#8217; radius_sync='true&#8217; background='bg_color&#8217; background_color=&#8221; background_gradient_color1=&#8221; background_gradient_color2=&#8221; background_gradient_direction='vertical&#8217; src=&#8221; attachment=&#8221; attachment_size=&#8221; background_position='top left&#8217; background_repeat='no-repeat&#8217; animation=&#8221; mobile_breaking=&#8221; mobile_display=&#8221; av_uid='av-2gdk2&#8217;]<\/p>\n<p>[\/av_one_third][av_one_third min_height=&#8221; vertical_alignment=&#8221; space=&#8221; custom_margin=&#8221; margin='0px&#8217; link=&#8221; linktarget=&#8221; link_hover=&#8221; padding='0px&#8217; border=&#8221; border_color=&#8221; radius='0px&#8217; background='bg_color&#8217; background_color=&#8221; background_gradient_color1=&#8221; background_gradient_color2=&#8221; background_gradient_direction='vertical&#8217; src=&#8221; background_position='top left&#8217; background_repeat='no-repeat&#8217; animation=&#8221; mobile_breaking=&#8221; mobile_display=&#8221; av_uid='av-lejfe&#8217;]<\/p>\n<p>[av_textblock size='12&#8217; font_color=&#8221; color=&#8221; av-medium-font-size=&#8221; av-small-font-size=&#8221; av-mini-font-size=&#8221; av_uid='av-jfiohzkt&#8217; admin_preview_bg=&#8221;]<\/p>\n<p style=\"text-align: center;\"><a href=\"http:\/\/lexellent.me\/index.php\/about\/\">O nama<\/a> | <a href=\"#\">Imprint<\/a> | <a href=\"http:\/\/lexellent.me\/index.php\/get-in-touch\/\">Kontakt<\/a> | <a href=\"http:\/\/lexellent.me\/index.php\/privacy-policy\/\">Uslovi<\/a><\/p>\n<p>[\/av_textblock]<\/p>\n<p>[av_textblock size='12&#8217; font_color=&#8221; color=&#8221; av-medium-font-size=&#8221; av-small-font-size=&#8221; av-mini-font-size=&#8221; av_uid='av-jfiohzkt&#8217; admin_preview_bg=&#8221;]<\/p>\n<p style=\"text-align: center;\"><a href=\"http:\/\/dutaco.com\">\u00a9 2019 Dutaco Co.<\/a><\/p>\n<p>[\/av_textblock]<\/p>\n<p>[\/av_one_third][av_one_third min_height=&#8221; vertical_alignment=&#8221; space=&#8221; custom_margin=&#8221; margin='0px&#8217; link=&#8221; linktarget=&#8221; link_hover=&#8221; padding='0px&#8217; border=&#8221; border_color=&#8221; radius='0px&#8217; background='bg_color&#8217; background_color=&#8221; background_gradient_color1=&#8221; background_gradient_color2=&#8221; background_gradient_direction='vertical&#8217; src=&#8221; background_position='top left&#8217; background_repeat='no-repeat&#8217; animation=&#8221; mobile_breaking=&#8221; mobile_display=&#8221; av_uid='av-6l59m&#8217;]<\/p>\n<p>[\/av_one_third][\/av_section]<\/p>\n","protected":false},"excerpt":{"rendered":"","protected":false},"author":1,"featured_media":0,"parent":0,"menu_order":0,"comment_status":"closed","ping_status":"closed","template":"","meta":{"_et_pb_use_builder":"","_et_pb_old_content":"","_et_gb_content_width":"","footnotes":""},"class_list":["post-298","page","type-page","status-publish","hentry"],"_links":{"self":[{"href":"https:\/\/lexellent.me\/index.php\/wp-json\/wp\/v2\/pages\/298","targetHints":{"allow":["GET"]}}],"collection":[{"href":"https:\/\/lexellent.me\/index.php\/wp-json\/wp\/v2\/pages"}],"about":[{"href":"https:\/\/lexellent.me\/index.php\/wp-json\/wp\/v2\/types\/page"}],"author":[{"embeddable":true,"href":"https:\/\/lexellent.me\/index.php\/wp-json\/wp\/v2\/users\/1"}],"replies":[{"embeddable":true,"href":"https:\/\/lexellent.me\/index.php\/wp-json\/wp\/v2\/comments?post=298"}],"version-history":[{"count":1,"href":"https:\/\/lexellent.me\/index.php\/wp-json\/wp\/v2\/pages\/298\/revisions"}],"predecessor-version":[{"id":967,"href":"https:\/\/lexellent.me\/index.php\/wp-json\/wp\/v2\/pages\/298\/revisions\/967"}],"wp:attachment":[{"href":"https:\/\/lexellent.me\/index.php\/wp-json\/wp\/v2\/media?parent=298"}],"curies":[{"name":"wp","href":"https:\/\/api.w.org\/{rel}","templated":true}]}}