{"id":156,"date":"2015-07-16T09:12:51","date_gmt":"2015-07-16T09:12:51","guid":{"rendered":"http:\/\/test.kriesi.at\/minimal-portfolio\/?page_id=156"},"modified":"2022-07-09T09:14:59","modified_gmt":"2022-07-09T08:14:59","slug":"get-in-touch","status":"publish","type":"page","link":"https:\/\/lexellent.me\/index.php\/get-in-touch\/","title":{"rendered":"Kontakt"},"content":{"rendered":"<p>[av_google_map height='230px&#8217; zoom='12&#8217; saturation='fill&#8217; hue='#395e7b&#8217; maptype_control=&#8221; maptype_id=&#8221; google_link=&#8221; confirm_button='Click to load Google Maps&#8217; page_link_text='Open Google Maps in a new window&#8217; google_fallback=&#8221; attachment=&#8221; attachment_size=&#8221; av_uid='av-2o93y4&#8217;]<br \/>\n[av_gmap_location address='Bulevar D\u017eord\u017ea Va\u0161ingtona br. 6&#8217; postcode='81000&#8217; city='Podgorica&#8217; state=&#8221; country='Montenegro&#8217; long='42.4433039,&#8217; lat='19.2454787&#8217; marker='837&#8217; imagesize='40&#8217;][\/av_gmap_location]<\/p>\n<p>[\/av_google_map]<\/p>\n<p>[av_section min_height=&#8221; min_height_px='500px&#8217; padding='huge&#8217; shadow='no-shadow&#8217; bottom_border='no-border-styling&#8217; bottom_border_diagonal_color='#333333&#8217; bottom_border_diagonal_direction=&#8221; bottom_border_style=&#8221; custom_arrow_bg=&#8221; id=&#8221; color='main_color&#8217; background='bg_color&#8217; custom_bg=&#8221; background_gradient_color1=&#8221; background_gradient_color2=&#8221; background_gradient_direction='diagonal_tb&#8217; src=&#8221; attachment=&#8221; attachment_size=&#8221; attach='scroll&#8217; position='top left&#8217; repeat='no-repeat&#8217; video=&#8221; video_ratio='16:9&#8217; overlay_opacity='0.5&#8217; overlay_color=&#8221; overlay_pattern=&#8221; overlay_custom_pattern=&#8221; av_element_hidden_in_editor='0&#8217; av_uid='av-145nae&#8217;]<\/p>\n<p>[av_one_half first min_height=&#8221; vertical_alignment='av-align-top&#8217; space=&#8221; margin='0px&#8217; margin_sync='true&#8217; padding='0px&#8217; padding_sync='true&#8217; border=&#8221; border_color=&#8221; radius='0px&#8217; radius_sync='true&#8217; background_color=&#8221; src=&#8221; attachment=&#8221; attachment_size=&#8221; background_position='top left&#8217; background_repeat='no-repeat&#8217; animation='bottom-to-top&#8217; av_uid='av-1kbp16&#8217;]<\/p>\n<p>[av_heading heading='Kontaktirajte nas&#8217; tag='h4&#8217; link_apply=&#8221; link='manually,http:\/\/&#8217; link_target=&#8221; style='blockquote modern-quote&#8217; size='50&#8217; subheading_active=&#8221; subheading_size='15&#8217; margin=&#8221; margin_sync='true&#8217; padding='10&#8217; color=&#8221; custom_font=&#8221; av-medium-font-size-title=&#8221; av-small-font-size-title=&#8221; av-mini-font-size-title=&#8221; av-medium-font-size=&#8221; av-small-font-size=&#8221; av-mini-font-size=&#8221; av_uid='av-jv5f4t6n&#8217; admin_preview_bg=&#8221;][\/av_heading]<\/p>\n<p>[av_contact email='dutaco@gmail.com&#8217; title='Po\u0161aljite nam poruku&#8217; button='Po\u0161alji&#8217; on_send=&#8221; sent='Your message has been sent!&#8217; link='manually,http:\/\/&#8217; subject=&#8221; autoresponder_email='dutaco@gmail.com&#8217; autorespond=&#8221; captcha=&#8221; form_align=&#8221; color=&#8221; av_uid='av-dldek&#8217; admin_preview_bg=&#8221;]<br \/>\n[av_contact_field label='Ime&#8217; type='text&#8217; options=&#8221; check='is_empty&#8217; width='element_half&#8217; multi_select=&#8221; av_contact_preselect=&#8221;]<\/p>\n<p>[av_google_map height='230px&#8217; zoom='12&#8217; saturation='fill&#8217; hue='#395e7b&#8217; maptype_control=&#8221; maptype_id=&#8221; av_uid='av-2o93y4&#8217;][av_textblock]<br \/>[\/av_textblock][av_gmap_location address='Main Street&#8217; city=&#8221; country='USA&#8217; long=&#8217;-78.71148149999999&#8217; lat='42.9658936&#8217; marker='837&#8217; imagesize='40&#8217;][\/av_gmap_location][\/av_google_map][av_section min_height=&#8221; min_height_px='500px&#8217; padding='huge&#8217; shadow='no-shadow&#8217; bottom_border='no-border-styling&#8217; bottom_border_diagonal_color='#333333&#8217; bottom_border_diagonal_direction=&#8221; bottom_border_style=&#8221; custom_arrow_bg=&#8221; id=&#8221; color='main_color&#8217; background='bg_color&#8217; custom_bg=&#8221; background_gradient_color1=&#8221; background_gradient_color2=&#8221; background_gradient_direction='diagonal_tb&#8217; src=&#8221; attachment=&#8221; attachment_size=&#8221; attach='scroll&#8217; position='top left&#8217; repeat='no-repeat&#8217; video=&#8221; video_ratio='16:9&#8217; overlay_opacity='0.5&#8217; overlay_color=&#8221; overlay_pattern=&#8221; overlay_custom_pattern=&#8221; av_element_hidden_in_editor='0&#8217; av_uid='av-145nae&#8217;][av_textblock]<br \/>[\/av_textblock][av_one_half first min_height=&#8221; vertical_alignment='av-align-top&#8217; space=&#8221; margin='0px&#8217; margin_sync='true&#8217; padding='0px&#8217; padding_sync='true&#8217; border=&#8221; border_color=&#8221; radius='0px&#8217; radius_sync='true&#8217; background_color=&#8221; src=&#8221; attachment=&#8221; attachment_size=&#8221; background_position='top left&#8217; background_repeat='no-repeat&#8217; animation='bottom-to-top&#8217; av_uid='av-1kbp16&#8217;][av_heading tag='h4&#8217; padding='10&#8217; heading='Get in touch&#8217; color=&#8221; style='blockquote modern-quote&#8217; custom_font=&#8221; size='50&#8217; subheading_active=&#8221; subheading_size='15&#8217; custom_class=&#8221; admin_preview_bg=&#8221; av-desktop-hide=&#8221; av-medium-hide=&#8221; av-small-hide=&#8221; av-mini-hide=&#8221; av-medium-font-size-title=&#8221; av-small-font-size-title=&#8221; av-mini-font-size-title=&#8221; av-medium-font-size=&#8221; av-small-font-size=&#8221; av-mini-font-size=&#8221; margin=&#8221; av_uid='av-t0tjo&#8217;][\/av_heading][av_contact email='mail@enfold-minimal.com&#8217; title=&#8221; button='Submit&#8217; on_send=&#8221; sent='Your message has been sent! Thanks a lot for contacting me, I will reply as fast as humanly possible. Thats usually within 2 workdays :)&#8217; link='manually,http:\/\/&#8217; subject=&#8221; autorespond=&#8221; captcha=&#8221; hide_labels='aviaTBhide_labels&#8217; form_align=&#8221; color=&#8221; av_uid='av-15kpak&#8217; admin_preview_bg=&#8221;][av_textblock]<br \/>[\/av_textblock][av_contact_field label='Name&#8217; type='text&#8217; options=&#8221; check='is_empty&#8217; width='element_half&#8217; av_uid='av-gl5t0&#8217; multi_select=&#8221; av_contact_preselect=&#8221;]<br \/>\n[\/av_contact_field]<br \/>\n[av_contact_field label='E-Mail&#8217; type='text&#8217; options=&#8221; check='is_email&#8217; width='element_half&#8217; av_uid='av-aysb8&#8217; multi_select=&#8221; av_contact_preselect=&#8221;][\/av_contact_field]<br \/>\n[av_contact_field label='Telefon&#8217; type='text&#8217; options=&#8221; check=&#8221; width='element_half&#8217; multi_select=&#8221; av_contact_preselect=&#8221;]<\/p>\n<p>[av_google_map height='230px&#8217; zoom='12&#8217; saturation='fill&#8217; hue='#395e7b&#8217; maptype_control=&#8221; maptype_id=&#8221; av_uid='av-2o93y4&#8217;][av_textblock]<br \/>[\/av_textblock][av_gmap_location address='Main Street&#8217; city=&#8221; country='USA&#8217; long=&#8217;-78.71148149999999&#8217; lat='42.9658936&#8217; marker='837&#8217; imagesize='40&#8217;][\/av_gmap_location][\/av_google_map][av_section min_height=&#8221; min_height_px='500px&#8217; padding='huge&#8217; shadow='no-shadow&#8217; bottom_border='no-border-styling&#8217; bottom_border_diagonal_color='#333333&#8217; bottom_border_diagonal_direction=&#8221; bottom_border_style=&#8221; custom_arrow_bg=&#8221; id=&#8221; color='main_color&#8217; background='bg_color&#8217; custom_bg=&#8221; background_gradient_color1=&#8221; background_gradient_color2=&#8221; background_gradient_direction='diagonal_tb&#8217; src=&#8221; attachment=&#8221; attachment_size=&#8221; attach='scroll&#8217; position='top left&#8217; repeat='no-repeat&#8217; video=&#8221; video_ratio='16:9&#8217; overlay_opacity='0.5&#8217; overlay_color=&#8221; overlay_pattern=&#8221; overlay_custom_pattern=&#8221; av_element_hidden_in_editor='0&#8217; av_uid='av-145nae&#8217;][av_textblock]<br \/>[\/av_textblock][av_one_half first min_height=&#8221; vertical_alignment='av-align-top&#8217; space=&#8221; margin='0px&#8217; margin_sync='true&#8217; padding='0px&#8217; padding_sync='true&#8217; border=&#8221; border_color=&#8221; radius='0px&#8217; radius_sync='true&#8217; background_color=&#8221; src=&#8221; attachment=&#8221; attachment_size=&#8221; background_position='top left&#8217; background_repeat='no-repeat&#8217; animation='bottom-to-top&#8217; av_uid='av-1kbp16&#8217;][av_heading tag='h4&#8217; padding='10&#8217; heading='Get in touch&#8217; color=&#8221; style='blockquote modern-quote&#8217; custom_font=&#8221; size='50&#8217; subheading_active=&#8221; subheading_size='15&#8217; custom_class=&#8221; admin_preview_bg=&#8221; av-desktop-hide=&#8221; av-medium-hide=&#8221; av-small-hide=&#8221; av-mini-hide=&#8221; av-medium-font-size-title=&#8221; av-small-font-size-title=&#8221; av-mini-font-size-title=&#8221; av-medium-font-size=&#8221; av-small-font-size=&#8221; av-mini-font-size=&#8221; margin=&#8221; av_uid='av-t0tjo&#8217;][\/av_heading][av_contact email='mail@enfold-minimal.com&#8217; title=&#8221; button='Submit&#8217; on_send=&#8221; sent='Your message has been sent! Thanks a lot for contacting me, I will reply as fast as humanly possible. Thats usually within 2 workdays :)&#8217; link='manually,http:\/\/&#8217; subject=&#8221; autorespond=&#8221; captcha=&#8221; hide_labels='aviaTBhide_labels&#8217; form_align=&#8221; color=&#8221; av_uid='av-15kpak&#8217; admin_preview_bg=&#8221;][av_textblock]<br \/>[\/av_textblock][av_contact_field label='Name&#8217; type='text&#8217; options=&#8221; check='is_empty&#8217; width='element_half&#8217; av_uid='av-gl5t0&#8217; multi_select=&#8221; av_contact_preselect=&#8221;]<br \/>\n[\/av_contact_field]<br \/>\n[av_contact_field label='Grad&#8217; type='text&#8217; options=&#8221; check=&#8221; width='element_half&#8217; multi_select=&#8221; av_contact_preselect=&#8221;]<\/p>\n<p>[av_google_map height='230px&#8217; zoom='12&#8217; saturation='fill&#8217; hue='#395e7b&#8217; maptype_control=&#8221; maptype_id=&#8221; av_uid='av-2o93y4&#8217;][av_textblock]<br \/>[\/av_textblock][av_gmap_location address='Main Street&#8217; city=&#8221; country='USA&#8217; long=&#8217;-78.71148149999999&#8217; lat='42.9658936&#8217; marker='837&#8217; imagesize='40&#8217;][\/av_gmap_location][\/av_google_map][av_section min_height=&#8221; min_height_px='500px&#8217; padding='huge&#8217; shadow='no-shadow&#8217; bottom_border='no-border-styling&#8217; bottom_border_diagonal_color='#333333&#8217; bottom_border_diagonal_direction=&#8221; bottom_border_style=&#8221; custom_arrow_bg=&#8221; id=&#8221; color='main_color&#8217; background='bg_color&#8217; custom_bg=&#8221; background_gradient_color1=&#8221; background_gradient_color2=&#8221; background_gradient_direction='diagonal_tb&#8217; src=&#8221; attachment=&#8221; attachment_size=&#8221; attach='scroll&#8217; position='top left&#8217; repeat='no-repeat&#8217; video=&#8221; video_ratio='16:9&#8217; overlay_opacity='0.5&#8217; overlay_color=&#8221; overlay_pattern=&#8221; overlay_custom_pattern=&#8221; av_element_hidden_in_editor='0&#8217; av_uid='av-145nae&#8217;][av_textblock]<br \/>[\/av_textblock][av_one_half first min_height=&#8221; vertical_alignment='av-align-top&#8217; space=&#8221; margin='0px&#8217; margin_sync='true&#8217; padding='0px&#8217; padding_sync='true&#8217; border=&#8221; border_color=&#8221; radius='0px&#8217; radius_sync='true&#8217; background_color=&#8221; src=&#8221; attachment=&#8221; attachment_size=&#8221; background_position='top left&#8217; background_repeat='no-repeat&#8217; animation='bottom-to-top&#8217; av_uid='av-1kbp16&#8217;][av_heading tag='h4&#8217; padding='10&#8217; heading='Get in touch&#8217; color=&#8221; style='blockquote modern-quote&#8217; custom_font=&#8221; size='50&#8217; subheading_active=&#8221; subheading_size='15&#8217; custom_class=&#8221; admin_preview_bg=&#8221; av-desktop-hide=&#8221; av-medium-hide=&#8221; av-small-hide=&#8221; av-mini-hide=&#8221; av-medium-font-size-title=&#8221; av-small-font-size-title=&#8221; av-mini-font-size-title=&#8221; av-medium-font-size=&#8221; av-small-font-size=&#8221; av-mini-font-size=&#8221; margin=&#8221; av_uid='av-t0tjo&#8217;][\/av_heading][av_contact email='mail@enfold-minimal.com&#8217; title=&#8221; button='Submit&#8217; on_send=&#8221; sent='Your message has been sent! Thanks a lot for contacting me, I will reply as fast as humanly possible. Thats usually within 2 workdays :)&#8217; link='manually,http:\/\/&#8217; subject=&#8221; autorespond=&#8221; captcha=&#8221; hide_labels='aviaTBhide_labels&#8217; form_align=&#8221; color=&#8221; av_uid='av-15kpak&#8217; admin_preview_bg=&#8221;][av_textblock]<br \/>[\/av_textblock][av_contact_field label='Name&#8217; type='text&#8217; options=&#8221; check='is_empty&#8217; width='element_half&#8217; av_uid='av-gl5t0&#8217; multi_select=&#8221; av_contact_preselect=&#8221;]<br \/>\n[\/av_contact_field]<br \/>\n[av_contact_field label='Poruka&#8217; type='textarea&#8217; options=&#8221; check='is_empty&#8217; width=&#8221; multi_select=&#8221; av_contact_preselect=&#8221;]<\/p>\n<p>[av_google_map height='230px&#8217; zoom='12&#8217; saturation='fill&#8217; hue='#395e7b&#8217; maptype_control=&#8221; maptype_id=&#8221; av_uid='av-2o93y4&#8217;][av_textblock]<br \/>[\/av_textblock][av_gmap_location address='Main Street&#8217; city=&#8221; country='USA&#8217; long=&#8217;-78.71148149999999&#8217; lat='42.9658936&#8217; marker='837&#8217; imagesize='40&#8217;][\/av_gmap_location][\/av_google_map][av_section min_height=&#8221; min_height_px='500px&#8217; padding='huge&#8217; shadow='no-shadow&#8217; bottom_border='no-border-styling&#8217; bottom_border_diagonal_color='#333333&#8217; bottom_border_diagonal_direction=&#8221; bottom_border_style=&#8221; custom_arrow_bg=&#8221; id=&#8221; color='main_color&#8217; background='bg_color&#8217; custom_bg=&#8221; background_gradient_color1=&#8221; background_gradient_color2=&#8221; background_gradient_direction='diagonal_tb&#8217; src=&#8221; attachment=&#8221; attachment_size=&#8221; attach='scroll&#8217; position='top left&#8217; repeat='no-repeat&#8217; video=&#8221; video_ratio='16:9&#8217; overlay_opacity='0.5&#8217; overlay_color=&#8221; overlay_pattern=&#8221; overlay_custom_pattern=&#8221; av_element_hidden_in_editor='0&#8217; av_uid='av-145nae&#8217;][av_textblock]<br \/>[\/av_textblock][av_one_half first min_height=&#8221; vertical_alignment='av-align-top&#8217; space=&#8221; margin='0px&#8217; margin_sync='true&#8217; padding='0px&#8217; padding_sync='true&#8217; border=&#8221; border_color=&#8221; radius='0px&#8217; radius_sync='true&#8217; background_color=&#8221; src=&#8221; attachment=&#8221; attachment_size=&#8221; background_position='top left&#8217; background_repeat='no-repeat&#8217; animation='bottom-to-top&#8217; av_uid='av-1kbp16&#8217;][av_heading tag='h4&#8217; padding='10&#8217; heading='Get in touch&#8217; color=&#8221; style='blockquote modern-quote&#8217; custom_font=&#8221; size='50&#8217; subheading_active=&#8221; subheading_size='15&#8217; custom_class=&#8221; admin_preview_bg=&#8221; av-desktop-hide=&#8221; av-medium-hide=&#8221; av-small-hide=&#8221; av-mini-hide=&#8221; av-medium-font-size-title=&#8221; av-small-font-size-title=&#8221; av-mini-font-size-title=&#8221; av-medium-font-size=&#8221; av-small-font-size=&#8221; av-mini-font-size=&#8221; margin=&#8221; av_uid='av-t0tjo&#8217;][\/av_heading][av_contact email='mail@enfold-minimal.com&#8217; title=&#8221; button='Submit&#8217; on_send=&#8221; sent='Your message has been sent! Thanks a lot for contacting me, I will reply as fast as humanly possible. Thats usually within 2 workdays :)&#8217; link='manually,http:\/\/&#8217; subject=&#8221; autorespond=&#8221; captcha=&#8221; hide_labels='aviaTBhide_labels&#8217; form_align=&#8221; color=&#8221; av_uid='av-15kpak&#8217; admin_preview_bg=&#8221;][av_textblock]<br \/>[\/av_textblock][av_contact_field label='Name&#8217; type='text&#8217; options=&#8221; check='is_empty&#8217; width='element_half&#8217; av_uid='av-gl5t0&#8217; multi_select=&#8221; av_contact_preselect=&#8221;]<br \/>\n[\/av_contact_field]<br \/>\n[\/av_contact]<\/p>\n<p>[\/av_one_half][av_one_half min_height=&#8221; vertical_alignment='av-align-top&#8217; space=&#8221; margin='0px&#8217; margin_sync='true&#8217; row_boxshadow_color=&#8221; row_boxshadow_width='10&#8217; link=&#8221; linktarget=&#8221; link_hover=&#8221; padding='0px&#8217; padding_sync='true&#8217; highlight_size='1.1&#8217; border=&#8221; border_color=&#8221; radius='0px&#8217; radius_sync='true&#8217; column_boxshadow_color=&#8221; column_boxshadow_width='10&#8217; background='bg_color&#8217; background_color=&#8221; background_gradient_color1=&#8221; background_gradient_color2=&#8221; background_gradient_direction='vertical&#8217; src=&#8221; attachment=&#8221; attachment_size=&#8221; background_position='top left&#8217; background_repeat='no-repeat&#8217; animation='bottom-to-top&#8217; mobile_breaking=&#8221; mobile_display=&#8221; av_uid='av-1kbp16&#8217;]<\/p>\n<p>[av_heading heading='Mi smo smje\u0161teni u&#8217; tag='h4&#8217; link_apply=&#8221; link='manually,http:\/\/&#8217; link_target=&#8221; style='blockquote modern-quote&#8217; size='50&#8217; subheading_active=&#8221; subheading_size='15&#8217; margin=&#8221; margin_sync='true&#8217; padding='10&#8217; color=&#8221; custom_font=&#8221; av-medium-font-size-title=&#8221; av-small-font-size-title=&#8221; av-mini-font-size-title=&#8221; av-medium-font-size=&#8221; av-small-font-size=&#8221; av-mini-font-size=&#8221; av_uid='av-jv5fa8fy&#8217; admin_preview_bg=&#8221;][\/av_heading]<\/p>\n<p>[\/av_one_half][\/av_section]<\/p>\n","protected":false},"excerpt":{"rendered":"","protected":false},"author":1,"featured_media":0,"parent":0,"menu_order":0,"comment_status":"open","ping_status":"closed","template":"","meta":{"_et_pb_use_builder":"","_et_pb_old_content":"","_et_gb_content_width":"","footnotes":""},"class_list":["post-156","page","type-page","status-publish","hentry"],"_links":{"self":[{"href":"https:\/\/lexellent.me\/index.php\/wp-json\/wp\/v2\/pages\/156","targetHints":{"allow":["GET"]}}],"collection":[{"href":"https:\/\/lexellent.me\/index.php\/wp-json\/wp\/v2\/pages"}],"about":[{"href":"https:\/\/lexellent.me\/index.php\/wp-json\/wp\/v2\/types\/page"}],"author":[{"embeddable":true,"href":"https:\/\/lexellent.me\/index.php\/wp-json\/wp\/v2\/users\/1"}],"replies":[{"embeddable":true,"href":"https:\/\/lexellent.me\/index.php\/wp-json\/wp\/v2\/comments?post=156"}],"version-history":[{"count":3,"href":"https:\/\/lexellent.me\/index.php\/wp-json\/wp\/v2\/pages\/156\/revisions"}],"predecessor-version":[{"id":890,"href":"https:\/\/lexellent.me\/index.php\/wp-json\/wp\/v2\/pages\/156\/revisions\/890"}],"wp:attachment":[{"href":"https:\/\/lexellent.me\/index.php\/wp-json\/wp\/v2\/media?parent=156"}],"curies":[{"name":"wp","href":"https:\/\/api.w.org\/{rel}","templated":true}]}}