{"id":154,"date":"2015-07-16T09:12:44","date_gmt":"2015-07-16T09:12:44","guid":{"rendered":"http:\/\/test.kriesi.at\/minimal-portfolio\/?page_id=154"},"modified":"2019-05-07T13:26:36","modified_gmt":"2019-05-07T12:26:36","slug":"about","status":"publish","type":"page","link":"https:\/\/lexellent.me\/index.php\/about\/","title":{"rendered":"O nama"},"content":{"rendered":"<p>[av_section min_height='custom&#8217; min_height_px='230px&#8217; padding='default&#8217; shadow='no-border-styling&#8217; bottom_border='no-border-styling&#8217; bottom_border_diagonal_color='#333333&#8217; bottom_border_diagonal_direction=&#8221; bottom_border_style=&#8221; custom_arrow_bg=&#8221; id=&#8221; color='main_color&#8217; background='bg_color&#8217; custom_bg=&#8221; background_gradient_color1=&#8221; background_gradient_color2=&#8221; background_gradient_direction='diagonal_tb&#8217; src='https:\/\/kriesi.at\/themes\/enfold-law\/wp-content\/uploads\/sites\/78\/2018\/05\/hero-skyscraper.jpg&#8217; attachment='827&#8217; attachment_size='full&#8217; attach='scroll&#8217; position='center center&#8217; repeat='stretch&#8217; video=&#8221; video_ratio='16:9&#8217; overlay_enable='aviaTBoverlay_enable&#8217; overlay_opacity='0.6&#8217; overlay_color='#084a79&#8217; overlay_pattern=&#8221; overlay_custom_pattern=&#8221; av_element_hidden_in_editor='0&#8217; av_uid='av-145nae&#8217;]<br \/>\n[av_one_full first min_height=&#8221; vertical_alignment='av-align-top&#8217; space=&#8221; custom_margin='aviaTBcustom_margin&#8217; margin='0px&#8217; margin_sync='true&#8217; link=&#8221; linktarget=&#8221; link_hover=&#8221; padding='0px&#8217; padding_sync='true&#8217; border=&#8221; border_color=&#8221; radius='0px&#8217; radius_sync='true&#8217; background='bg_color&#8217; background_color=&#8221; background_gradient_color1=&#8221; background_gradient_color2=&#8221; background_gradient_direction='vertical&#8217; src=&#8221; attachment=&#8221; attachment_size=&#8221; background_position='top left&#8217; background_repeat='no-repeat&#8217; animation='left-to-right&#8217; mobile_breaking=&#8221; mobile_display=&#8221; av_uid='av-jgf3pjem&#8217;]<\/p>\n<p>[av_heading heading='Opis kompanije&#8217; tag='h2&#8217; link_apply=&#8221; link='manually,http:\/\/&#8217; link_target=&#8221; style='blockquote modern-quote modern-centered&#8217; size='4vw&#8217; subheading_active=&#8221; subheading_size='25&#8217; margin='0&#8217; margin_sync='true&#8217; padding='0&#8217; color='custom-color-heading&#8217; custom_font='#ffffff&#8217; av-medium-font-size-title=&#8221; av-small-font-size-title=&#8221; av-mini-font-size-title=&#8221; av-medium-font-size=&#8221; av-small-font-size=&#8221; av-mini-font-size=&#8221; av_uid='av-jv5ao763&#8217; admin_preview_bg='rgb(34, 34, 34)&#8217;][\/av_heading]<\/p>\n<p>[\/av_one_full]<br \/>\n[\/av_section]<\/p>\n<p>[av_section min_height=&#8221; min_height_px='500px&#8217; padding='huge&#8217; shadow='no-border-styling&#8217; bottom_border='no-border-styling&#8217; bottom_border_diagonal_color='#333333&#8217; bottom_border_diagonal_direction=&#8221; bottom_border_style=&#8221; custom_arrow_bg=&#8221; id=&#8221; color='main_color&#8217; background='bg_color&#8217; custom_bg=&#8221; background_gradient_color1=&#8221; background_gradient_color2=&#8221; background_gradient_direction='vertical&#8217; src=&#8221; attachment=&#8221; attachment_size=&#8221; attach='scroll&#8217; position='top left&#8217; repeat='no-repeat&#8217; video=&#8221; video_ratio='16:9&#8217; overlay_opacity='0.5&#8217; overlay_color=&#8221; overlay_pattern=&#8221; overlay_custom_pattern=&#8221; av_element_hidden_in_editor='0&#8217; av_uid='av-qet8u&#8217;]<\/p>\n<p>[av_one_half first min_height=&#8221; vertical_alignment='av-align-top&#8217; space=&#8221; custom_margin='aviaTBcustom_margin&#8217; margin='0px&#8217; margin_sync='true&#8217; link=&#8221; linktarget=&#8221; link_hover='opacity80&#8217; padding='0px&#8217; padding_sync='true&#8217; border=&#8221; border_color='#f2f2f2&#8217; radius='3px&#8217; radius_sync='true&#8217; background='bg_color&#8217; background_color=&#8221; background_gradient_color1=&#8221; background_gradient_color2=&#8221; background_gradient_direction='diagonal_bt&#8217; src=&#8221; attachment=&#8221; attachment_size=&#8221; background_position='top left&#8217; background_repeat='no-repeat&#8217; animation='left-to-right&#8217; mobile_breaking=&#8221; mobile_display=&#8221; av_uid='av-9wkhy&#8217;]<\/p>\n<p>[av_heading heading='O osniva\u010du&#8217; tag='h2&#8217; link_apply=&#8221; link='manually,http:\/\/&#8217; link_target=&#8221; style='blockquote modern-quote&#8217; size=&#8221; subheading_active=&#8221; subheading_size='15&#8217; margin='15,,,&#8217; padding='10&#8217; color=&#8221; custom_font=&#8221; custom_class=&#8221; admin_preview_bg='rgb(255, 255, 255)&#8217; av-desktop-hide=&#8221; av-medium-hide=&#8221; av-small-hide=&#8221; av-mini-hide=&#8221; av-medium-font-size-title=&#8221; av-small-font-size-title=&#8221; av-mini-font-size-title=&#8221; av-medium-font-size=&#8221; av-small-font-size=&#8221; av-mini-font-size=&#8221;][\/av_heading]<\/p>\n<p>[av_textblock size=&#8221; font_color=&#8221; color=&#8221; av-medium-font-size=&#8221; av-small-font-size=&#8221; av-mini-font-size=&#8221; av_uid='av-jgds8wgh&#8217; admin_preview_bg='rgb(255, 255, 255)&#8217;]<br \/>\nEmir Deliji\u0107 je osniva\u010d i izvr\u0161ni director Lexellent d.o.o. Podgorica.<\/p>\n<p>Zvanje master pravnih nauka stekao je\u00a0 na Pravnom fakultetu Univerziteta u Beogradu, nakon zavr\u0161enih osnovnih i specijalisti\u010dkih studija na Pravnom fakultetu Univerziteta Crne Gore.<\/p>\n<p>Odli\u010dno se slu\u017ei engleskim jezikom.<br \/>\n[\/av_textblock]<\/p>\n<p>[\/av_one_half][av_one_half min_height=&#8221; vertical_alignment='av-align-top&#8217; space=&#8221; custom_margin='aviaTBcustom_margin&#8217; margin='0px&#8217; margin_sync='true&#8217; link=&#8221; linktarget=&#8221; link_hover='opacity80&#8217; padding='0px&#8217; padding_sync='true&#8217; border=&#8221; border_color='#f2f2f2&#8217; radius='3px&#8217; radius_sync='true&#8217; background='bg_color&#8217; background_color=&#8221; background_gradient_color1=&#8221; background_gradient_color2=&#8221; background_gradient_direction='diagonal_bt&#8217; src=&#8221; attachment=&#8221; attachment_size=&#8221; background_position='top left&#8217; background_repeat='no-repeat&#8217; animation='left-to-right&#8217; mobile_breaking=&#8221; mobile_display=&#8221; av_uid='av-9wkhy&#8217;]<\/p>\n<p>[av_heading heading='O kompaniji&#8217; tag='h2&#8217; link_apply=&#8221; link='manually,http:\/\/&#8217; link_target=&#8221; style='blockquote modern-quote&#8217; size=&#8221; subheading_active=&#8221; subheading_size='15&#8217; margin='15,,,&#8217; padding='10&#8217; color=&#8221; custom_font=&#8221; custom_class=&#8221; admin_preview_bg='rgb(255, 255, 255)&#8217; av-desktop-hide=&#8221; av-medium-hide=&#8221; av-small-hide=&#8221; av-mini-hide=&#8221; av-medium-font-size-title=&#8221; av-small-font-size-title=&#8221; av-mini-font-size-title=&#8221; av-medium-font-size=&#8221; av-small-font-size=&#8221; av-mini-font-size=&#8221;][\/av_heading]<\/p>\n<p>[av_textblock size=&#8221; font_color=&#8221; color=&#8221; av-medium-font-size=&#8221; av-small-font-size=&#8221; av-mini-font-size=&#8221; av_uid='av-jgds8wgh&#8217; admin_preview_bg='rgb(255, 255, 255)&#8217;]<br \/>\nLexellent d.o.o. Podgorica je privredno dru\u0161tvo sa ograni\u010denom odgovorno\u0161\u0107u registrovano u Centralnom registru privrednih subjekata u Podgorici u skladu sa pravom Crne Gore pod registracionim brojem 50880383.<\/p>\n<p>Na\u0161 osnovni cilj i zadatak je da Vam pru\u017eimo kompletnu pravnu uslugu i podr\u0161ku u vezi a Va\u0161im poslovanjem, od osnivanja do prestanka.<br \/>\n[\/av_textblock]<\/p>\n<p>[\/av_one_half][av_hr class='custom&#8217; height='20&#8217; shadow='no-shadow&#8217; position='center&#8217; custom_border='av-border-thin&#8217; custom_width='50px&#8217; custom_border_color='#d3d3d3&#8217; custom_margin_top='80px&#8217; custom_margin_bottom='90px&#8217; icon_select='yes&#8217; custom_icon_color='#072f4c&#8217; icon='uf119&#8217; font='justice&#8217; av_uid='av-jgf4q5kq&#8217; admin_preview_bg='rgb(255, 255, 255)&#8217;]<\/p>\n<p>[\/av_section]<\/p>\n","protected":false},"excerpt":{"rendered":"","protected":false},"author":1,"featured_media":0,"parent":0,"menu_order":0,"comment_status":"open","ping_status":"open","template":"","meta":{"_et_pb_use_builder":"","_et_pb_old_content":"","_et_gb_content_width":"","footnotes":""},"class_list":["post-154","page","type-page","status-publish","hentry"],"_links":{"self":[{"href":"https:\/\/lexellent.me\/index.php\/wp-json\/wp\/v2\/pages\/154","targetHints":{"allow":["GET"]}}],"collection":[{"href":"https:\/\/lexellent.me\/index.php\/wp-json\/wp\/v2\/pages"}],"about":[{"href":"https:\/\/lexellent.me\/index.php\/wp-json\/wp\/v2\/types\/page"}],"author":[{"embeddable":true,"href":"https:\/\/lexellent.me\/index.php\/wp-json\/wp\/v2\/users\/1"}],"replies":[{"embeddable":true,"href":"https:\/\/lexellent.me\/index.php\/wp-json\/wp\/v2\/comments?post=154"}],"version-history":[{"count":5,"href":"https:\/\/lexellent.me\/index.php\/wp-json\/wp\/v2\/pages\/154\/revisions"}],"predecessor-version":[{"id":1032,"href":"https:\/\/lexellent.me\/index.php\/wp-json\/wp\/v2\/pages\/154\/revisions\/1032"}],"wp:attachment":[{"href":"https:\/\/lexellent.me\/index.php\/wp-json\/wp\/v2\/media?parent=154"}],"curies":[{"name":"wp","href":"https:\/\/api.w.org\/{rel}","templated":true}]}}