{"id":1051,"date":"2019-05-14T20:57:36","date_gmt":"2019-05-14T19:57:36","guid":{"rendered":"http:\/\/lexellent.me\/index.php\/get-in-touch\/"},"modified":"2022-07-09T09:16:19","modified_gmt":"2022-07-09T08:16:19","slug":"get-in-touch","status":"publish","type":"page","link":"https:\/\/lexellent.me\/index.php\/get-in-touch\/?lang=en","title":{"rendered":"Get in touch"},"content":{"rendered":"<p>[av_google_map height=&#8217;230px&#8217; zoom=&#8217;12&#8217; saturation=&#8217;fill&#8217; hue=&#8217;#395e7b&#8217; maptype_control=&#8221; maptype_id=&#8221; google_link=&#8221; confirm_button=&#8217;Click to load Google Maps&#8217; page_link_text=&#8217;Open Google Maps in a new window&#8217; google_fallback=&#8221; attachment=&#8221; attachment_size=&#8221; av_uid=&#8217;av-2o93y4&#8242;]<br \/>\n[av_gmap_location address=&#8217;Bulevar D\u017eord\u017ea Va\u0161ingtona br. 6&#8242; postcode=&#8217;81000&#8242; city=&#8217;Podgorica&#8217; state=&#8221; country=&#8217;Montenegro&#8217; long=&#8217;42.4433039,&#8217; lat=&#8217;19.2454787&#8242; marker=&#8217;837&#8242; imagesize=&#8217;40&#8217;][\/av_gmap_location]<\/p>\n<p>[\/av_google_map]<\/p>\n<p>[av_section min_height=&#8221; min_height_px=&#8217;500px&#8217; padding=&#8217;huge&#8217; shadow=&#8217;no-shadow&#8217; bottom_border=&#8217;no-border-styling&#8217; bottom_border_diagonal_color=&#8217;#333333&#8242; bottom_border_diagonal_direction=&#8221; bottom_border_style=&#8221; custom_arrow_bg=&#8221; id=&#8221; color=&#8217;main_color&#8217; background=&#8217;bg_color&#8217; custom_bg=&#8221; background_gradient_color1=&#8221; background_gradient_color2=&#8221; background_gradient_direction=&#8217;diagonal_tb&#8217; src=&#8221; attachment=&#8221; attachment_size=&#8221; attach=&#8217;scroll&#8217; position=&#8217;top left&#8217; repeat=&#8217;no-repeat&#8217; video=&#8221; video_ratio=&#8217;16:9&#8242; overlay_opacity=&#8217;0.5&#8242; overlay_color=&#8221; overlay_pattern=&#8221; overlay_custom_pattern=&#8221; av_element_hidden_in_editor=&#8217;0&#8242; av_uid=&#8217;av-145nae&#8217;]<\/p>\n<p>[av_one_half first min_height=&#8221; vertical_alignment=&#8217;av-align-top&#8217; space=&#8221; margin=&#8217;0px&#8217; margin_sync=&#8217;true&#8217; padding=&#8217;0px&#8217; padding_sync=&#8217;true&#8217; border=&#8221; border_color=&#8221; radius=&#8217;0px&#8217; radius_sync=&#8217;true&#8217; background_color=&#8221; src=&#8221; attachment=&#8221; attachment_size=&#8221; background_position=&#8217;top left&#8217; background_repeat=&#8217;no-repeat&#8217; animation=&#8217;bottom-to-top&#8217; av_uid=&#8217;av-1kbp16&#8242;]<\/p>\n<p>[av_heading heading=&#8217;Kontaktirajte nas&#8217; tag=&#8217;h4&#8242; link_apply=&#8221; link=&#8217;manually,http:\/\/&#8217; link_target=&#8221; style=&#8217;blockquote modern-quote&#8217; size=&#8217;50&#8217; subheading_active=&#8221; subheading_size=&#8217;15&#8217; margin=&#8221; margin_sync=&#8217;true&#8217; padding=&#8217;10&#8217; color=&#8221; custom_font=&#8221; av-medium-font-size-title=&#8221; av-small-font-size-title=&#8221; av-mini-font-size-title=&#8221; av-medium-font-size=&#8221; av-small-font-size=&#8221; av-mini-font-size=&#8221; av_uid=&#8217;av-jv5f4t6n&#8217; admin_preview_bg=&#8221;][\/av_heading]<\/p>\n<p>[av_contact email=&#8217;dutaco@gmail.com&#8217; title=&#8217;Po\u0161aljite nam poruku&#8217; button=&#8217;Po\u0161alji&#8217; on_send=&#8221; sent=&#8217;Your message has been sent!&#8217; link=&#8217;manually,http:\/\/&#8217; subject=&#8221; autoresponder_email=&#8217;dutaco@gmail.com&#8217; autorespond=&#8221; captcha=&#8221; form_align=&#8221; color=&#8221; av_uid=&#8217;av-dldek&#8217; admin_preview_bg=&#8221;]<br \/>\n[av_contact_field label=&#8217;Ime&#8217; type=&#8217;text&#8217; options=&#8221; check=&#8217;is_empty&#8217; width=&#8217;element_half&#8217; multi_select=&#8221; av_contact_preselect=&#8221;]<\/p>\n<p>[av_google_map height=&#8217;230px&#8217; zoom=&#8217;12&#8217; saturation=&#8217;fill&#8217; hue=&#8217;#395e7b&#8217; maptype_control=&#8221; maptype_id=&#8221; av_uid=&#8217;av-2o93y4&#8242;][av_textblock]<br \/>\n[\/av_textblock][av_gmap_location address=&#8217;Main Street&#8217; city=&#8221; country=&#8217;USA&#8217; long=&#8217;-78.71148149999999&#8242; lat=&#8217;42.9658936&#8242; marker=&#8217;837&#8242; imagesize=&#8217;40&#8217;][\/av_gmap_location][\/av_google_map][av_section min_height=&#8221; min_height_px=&#8217;500px&#8217; padding=&#8217;huge&#8217; shadow=&#8217;no-shadow&#8217; bottom_border=&#8217;no-border-styling&#8217; bottom_border_diagonal_color=&#8217;#333333&#8242; bottom_border_diagonal_direction=&#8221; bottom_border_style=&#8221; custom_arrow_bg=&#8221; id=&#8221; color=&#8217;main_color&#8217; background=&#8217;bg_color&#8217; custom_bg=&#8221; background_gradient_color1=&#8221; background_gradient_color2=&#8221; background_gradient_direction=&#8217;diagonal_tb&#8217; src=&#8221; attachment=&#8221; attachment_size=&#8221; attach=&#8217;scroll&#8217; position=&#8217;top left&#8217; repeat=&#8217;no-repeat&#8217; video=&#8221; video_ratio=&#8217;16:9&#8242; overlay_opacity=&#8217;0.5&#8242; overlay_color=&#8221; overlay_pattern=&#8221; overlay_custom_pattern=&#8221; av_element_hidden_in_editor=&#8217;0&#8242; av_uid=&#8217;av-145nae&#8217;][av_textblock]<br \/>\n[\/av_textblock][av_one_half first min_height=&#8221; vertical_alignment=&#8217;av-align-top&#8217; space=&#8221; margin=&#8217;0px&#8217; margin_sync=&#8217;true&#8217; padding=&#8217;0px&#8217; padding_sync=&#8217;true&#8217; border=&#8221; border_color=&#8221; radius=&#8217;0px&#8217; radius_sync=&#8217;true&#8217; background_color=&#8221; src=&#8221; attachment=&#8221; attachment_size=&#8221; background_position=&#8217;top left&#8217; background_repeat=&#8217;no-repeat&#8217; animation=&#8217;bottom-to-top&#8217; av_uid=&#8217;av-1kbp16&#8242;][av_heading tag=&#8217;h4&#8242; padding=&#8217;10&#8217; heading=&#8217;Get in touch&#8217; color=&#8221; style=&#8217;blockquote modern-quote&#8217; custom_font=&#8221; size=&#8217;50&#8217; subheading_active=&#8221; subheading_size=&#8217;15&#8217; custom_class=&#8221; admin_preview_bg=&#8221; av-desktop-hide=&#8221; av-medium-hide=&#8221; av-small-hide=&#8221; av-mini-hide=&#8221; av-medium-font-size-title=&#8221; av-small-font-size-title=&#8221; av-mini-font-size-title=&#8221; av-medium-font-size=&#8221; av-small-font-size=&#8221; av-mini-font-size=&#8221; margin=&#8221; av_uid=&#8217;av-t0tjo&#8217;][\/av_heading][av_contact email=&#8217;mail@enfold-minimal.com&#8217; title=&#8221; button=&#8217;Submit&#8217; on_send=&#8221; sent=&#8217;Your message has been sent! Thanks a lot for contacting me, I will reply as fast as humanly possible. Thats usually within 2 workdays :)&#8217; link=&#8217;manually,http:\/\/&#8217; subject=&#8221; autorespond=&#8221; captcha=&#8221; hide_labels=&#8217;aviaTBhide_labels&#8217; form_align=&#8221; color=&#8221; av_uid=&#8217;av-15kpak&#8217; admin_preview_bg=&#8221;][av_textblock]<br \/>\n[\/av_textblock][av_contact_field label=&#8217;Name&#8217; type=&#8217;text&#8217; options=&#8221; check=&#8217;is_empty&#8217; width=&#8217;element_half&#8217; av_uid=&#8217;av-gl5t0&#8242; multi_select=&#8221; av_contact_preselect=&#8221;]<br \/>\n[\/av_contact_field]<br \/>\n[av_contact_field label=&#8217;E-Mail&#8217; type=&#8217;text&#8217; options=&#8221; check=&#8217;is_email&#8217; width=&#8217;element_half&#8217; av_uid=&#8217;av-aysb8&#8242; multi_select=&#8221; av_contact_preselect=&#8221;][\/av_contact_field]<br \/>\n[av_contact_field label=&#8217;Telefon&#8217; type=&#8217;text&#8217; options=&#8221; check=&#8221; width=&#8217;element_half&#8217; multi_select=&#8221; av_contact_preselect=&#8221;]<\/p>\n<p>[av_google_map height=&#8217;230px&#8217; zoom=&#8217;12&#8217; saturation=&#8217;fill&#8217; hue=&#8217;#395e7b&#8217; maptype_control=&#8221; maptype_id=&#8221; av_uid=&#8217;av-2o93y4&#8242;][av_textblock]<br \/>\n[\/av_textblock][av_gmap_location address=&#8217;Main Street&#8217; city=&#8221; country=&#8217;USA&#8217; long=&#8217;-78.71148149999999&#8242; lat=&#8217;42.9658936&#8242; marker=&#8217;837&#8242; imagesize=&#8217;40&#8217;][\/av_gmap_location][\/av_google_map][av_section min_height=&#8221; min_height_px=&#8217;500px&#8217; padding=&#8217;huge&#8217; shadow=&#8217;no-shadow&#8217; bottom_border=&#8217;no-border-styling&#8217; bottom_border_diagonal_color=&#8217;#333333&#8242; bottom_border_diagonal_direction=&#8221; bottom_border_style=&#8221; custom_arrow_bg=&#8221; id=&#8221; color=&#8217;main_color&#8217; background=&#8217;bg_color&#8217; custom_bg=&#8221; background_gradient_color1=&#8221; background_gradient_color2=&#8221; background_gradient_direction=&#8217;diagonal_tb&#8217; src=&#8221; attachment=&#8221; attachment_size=&#8221; attach=&#8217;scroll&#8217; position=&#8217;top left&#8217; repeat=&#8217;no-repeat&#8217; video=&#8221; video_ratio=&#8217;16:9&#8242; overlay_opacity=&#8217;0.5&#8242; overlay_color=&#8221; overlay_pattern=&#8221; overlay_custom_pattern=&#8221; av_element_hidden_in_editor=&#8217;0&#8242; av_uid=&#8217;av-145nae&#8217;][av_textblock]<br \/>\n[\/av_textblock][av_one_half first min_height=&#8221; vertical_alignment=&#8217;av-align-top&#8217; space=&#8221; margin=&#8217;0px&#8217; margin_sync=&#8217;true&#8217; padding=&#8217;0px&#8217; padding_sync=&#8217;true&#8217; border=&#8221; border_color=&#8221; radius=&#8217;0px&#8217; radius_sync=&#8217;true&#8217; background_color=&#8221; src=&#8221; attachment=&#8221; attachment_size=&#8221; background_position=&#8217;top left&#8217; background_repeat=&#8217;no-repeat&#8217; animation=&#8217;bottom-to-top&#8217; av_uid=&#8217;av-1kbp16&#8242;][av_heading tag=&#8217;h4&#8242; padding=&#8217;10&#8217; heading=&#8217;Get in touch&#8217; color=&#8221; style=&#8217;blockquote modern-quote&#8217; custom_font=&#8221; size=&#8217;50&#8217; subheading_active=&#8221; subheading_size=&#8217;15&#8217; custom_class=&#8221; admin_preview_bg=&#8221; av-desktop-hide=&#8221; av-medium-hide=&#8221; av-small-hide=&#8221; av-mini-hide=&#8221; av-medium-font-size-title=&#8221; av-small-font-size-title=&#8221; av-mini-font-size-title=&#8221; av-medium-font-size=&#8221; av-small-font-size=&#8221; av-mini-font-size=&#8221; margin=&#8221; av_uid=&#8217;av-t0tjo&#8217;][\/av_heading][av_contact email=&#8217;mail@enfold-minimal.com&#8217; title=&#8221; button=&#8217;Submit&#8217; on_send=&#8221; sent=&#8217;Your message has been sent! Thanks a lot for contacting me, I will reply as fast as humanly possible. Thats usually within 2 workdays :)&#8217; link=&#8217;manually,http:\/\/&#8217; subject=&#8221; autorespond=&#8221; captcha=&#8221; hide_labels=&#8217;aviaTBhide_labels&#8217; form_align=&#8221; color=&#8221; av_uid=&#8217;av-15kpak&#8217; admin_preview_bg=&#8221;][av_textblock]<br \/>\n[\/av_textblock][av_contact_field label=&#8217;Name&#8217; type=&#8217;text&#8217; options=&#8221; check=&#8217;is_empty&#8217; width=&#8217;element_half&#8217; av_uid=&#8217;av-gl5t0&#8242; multi_select=&#8221; av_contact_preselect=&#8221;]<br \/>\n[\/av_contact_field]<br \/>\n[av_contact_field label=&#8217;Grad&#8217; type=&#8217;text&#8217; options=&#8221; check=&#8221; width=&#8217;element_half&#8217; multi_select=&#8221; av_contact_preselect=&#8221;]<\/p>\n<p>[av_google_map height=&#8217;230px&#8217; zoom=&#8217;12&#8217; saturation=&#8217;fill&#8217; hue=&#8217;#395e7b&#8217; maptype_control=&#8221; maptype_id=&#8221; av_uid=&#8217;av-2o93y4&#8242;][av_textblock]<br \/>\n[\/av_textblock][av_gmap_location address=&#8217;Main Street&#8217; city=&#8221; country=&#8217;USA&#8217; long=&#8217;-78.71148149999999&#8242; lat=&#8217;42.9658936&#8242; marker=&#8217;837&#8242; imagesize=&#8217;40&#8217;][\/av_gmap_location][\/av_google_map][av_section min_height=&#8221; min_height_px=&#8217;500px&#8217; padding=&#8217;huge&#8217; shadow=&#8217;no-shadow&#8217; bottom_border=&#8217;no-border-styling&#8217; bottom_border_diagonal_color=&#8217;#333333&#8242; bottom_border_diagonal_direction=&#8221; bottom_border_style=&#8221; custom_arrow_bg=&#8221; id=&#8221; color=&#8217;main_color&#8217; background=&#8217;bg_color&#8217; custom_bg=&#8221; background_gradient_color1=&#8221; background_gradient_color2=&#8221; background_gradient_direction=&#8217;diagonal_tb&#8217; src=&#8221; attachment=&#8221; attachment_size=&#8221; attach=&#8217;scroll&#8217; position=&#8217;top left&#8217; repeat=&#8217;no-repeat&#8217; video=&#8221; video_ratio=&#8217;16:9&#8242; overlay_opacity=&#8217;0.5&#8242; overlay_color=&#8221; overlay_pattern=&#8221; overlay_custom_pattern=&#8221; av_element_hidden_in_editor=&#8217;0&#8242; av_uid=&#8217;av-145nae&#8217;][av_textblock]<br \/>\n[\/av_textblock][av_one_half first min_height=&#8221; vertical_alignment=&#8217;av-align-top&#8217; space=&#8221; margin=&#8217;0px&#8217; margin_sync=&#8217;true&#8217; padding=&#8217;0px&#8217; padding_sync=&#8217;true&#8217; border=&#8221; border_color=&#8221; radius=&#8217;0px&#8217; radius_sync=&#8217;true&#8217; background_color=&#8221; src=&#8221; attachment=&#8221; attachment_size=&#8221; background_position=&#8217;top left&#8217; background_repeat=&#8217;no-repeat&#8217; animation=&#8217;bottom-to-top&#8217; av_uid=&#8217;av-1kbp16&#8242;][av_heading tag=&#8217;h4&#8242; padding=&#8217;10&#8217; heading=&#8217;Get in touch&#8217; color=&#8221; style=&#8217;blockquote modern-quote&#8217; custom_font=&#8221; size=&#8217;50&#8217; subheading_active=&#8221; subheading_size=&#8217;15&#8217; custom_class=&#8221; admin_preview_bg=&#8221; av-desktop-hide=&#8221; av-medium-hide=&#8221; av-small-hide=&#8221; av-mini-hide=&#8221; av-medium-font-size-title=&#8221; av-small-font-size-title=&#8221; av-mini-font-size-title=&#8221; av-medium-font-size=&#8221; av-small-font-size=&#8221; av-mini-font-size=&#8221; margin=&#8221; av_uid=&#8217;av-t0tjo&#8217;][\/av_heading][av_contact email=&#8217;mail@enfold-minimal.com&#8217; title=&#8221; button=&#8217;Submit&#8217; on_send=&#8221; sent=&#8217;Your message has been sent! Thanks a lot for contacting me, I will reply as fast as humanly possible. Thats usually within 2 workdays :)&#8217; link=&#8217;manually,http:\/\/&#8217; subject=&#8221; autorespond=&#8221; captcha=&#8221; hide_labels=&#8217;aviaTBhide_labels&#8217; form_align=&#8221; color=&#8221; av_uid=&#8217;av-15kpak&#8217; admin_preview_bg=&#8221;][av_textblock]<br \/>\n[\/av_textblock][av_contact_field label=&#8217;Name&#8217; type=&#8217;text&#8217; options=&#8221; check=&#8217;is_empty&#8217; width=&#8217;element_half&#8217; av_uid=&#8217;av-gl5t0&#8242; multi_select=&#8221; av_contact_preselect=&#8221;]<br \/>\n[\/av_contact_field]<br \/>\n[av_contact_field label=&#8217;Poruka&#8217; type=&#8217;textarea&#8217; options=&#8221; check=&#8217;is_empty&#8217; width=&#8221; multi_select=&#8221; av_contact_preselect=&#8221;]<\/p>\n<p>[av_google_map height=&#8217;230px&#8217; zoom=&#8217;12&#8217; saturation=&#8217;fill&#8217; hue=&#8217;#395e7b&#8217; maptype_control=&#8221; maptype_id=&#8221; av_uid=&#8217;av-2o93y4&#8242;][av_textblock]<br \/>\n[\/av_textblock][av_gmap_location address=&#8217;Main Street&#8217; city=&#8221; country=&#8217;USA&#8217; long=&#8217;-78.71148149999999&#8242; lat=&#8217;42.9658936&#8242; marker=&#8217;837&#8242; imagesize=&#8217;40&#8217;][\/av_gmap_location][\/av_google_map][av_section min_height=&#8221; min_height_px=&#8217;500px&#8217; padding=&#8217;huge&#8217; shadow=&#8217;no-shadow&#8217; bottom_border=&#8217;no-border-styling&#8217; bottom_border_diagonal_color=&#8217;#333333&#8242; bottom_border_diagonal_direction=&#8221; bottom_border_style=&#8221; custom_arrow_bg=&#8221; id=&#8221; color=&#8217;main_color&#8217; background=&#8217;bg_color&#8217; custom_bg=&#8221; background_gradient_color1=&#8221; background_gradient_color2=&#8221; background_gradient_direction=&#8217;diagonal_tb&#8217; src=&#8221; attachment=&#8221; attachment_size=&#8221; attach=&#8217;scroll&#8217; position=&#8217;top left&#8217; repeat=&#8217;no-repeat&#8217; video=&#8221; video_ratio=&#8217;16:9&#8242; overlay_opacity=&#8217;0.5&#8242; overlay_color=&#8221; overlay_pattern=&#8221; overlay_custom_pattern=&#8221; av_element_hidden_in_editor=&#8217;0&#8242; av_uid=&#8217;av-145nae&#8217;][av_textblock]<br \/>\n[\/av_textblock][av_one_half first min_height=&#8221; vertical_alignment=&#8217;av-align-top&#8217; space=&#8221; margin=&#8217;0px&#8217; margin_sync=&#8217;true&#8217; padding=&#8217;0px&#8217; padding_sync=&#8217;true&#8217; border=&#8221; border_color=&#8221; radius=&#8217;0px&#8217; radius_sync=&#8217;true&#8217; background_color=&#8221; src=&#8221; attachment=&#8221; attachment_size=&#8221; background_position=&#8217;top left&#8217; background_repeat=&#8217;no-repeat&#8217; animation=&#8217;bottom-to-top&#8217; av_uid=&#8217;av-1kbp16&#8242;][av_heading tag=&#8217;h4&#8242; padding=&#8217;10&#8217; heading=&#8217;Get in touch&#8217; color=&#8221; style=&#8217;blockquote modern-quote&#8217; custom_font=&#8221; size=&#8217;50&#8217; subheading_active=&#8221; subheading_size=&#8217;15&#8217; custom_class=&#8221; admin_preview_bg=&#8221; av-desktop-hide=&#8221; av-medium-hide=&#8221; av-small-hide=&#8221; av-mini-hide=&#8221; av-medium-font-size-title=&#8221; av-small-font-size-title=&#8221; av-mini-font-size-title=&#8221; av-medium-font-size=&#8221; av-small-font-size=&#8221; av-mini-font-size=&#8221; margin=&#8221; av_uid=&#8217;av-t0tjo&#8217;][\/av_heading][av_contact email=&#8217;mail@enfold-minimal.com&#8217; title=&#8221; button=&#8217;Submit&#8217; on_send=&#8221; sent=&#8217;Your message has been sent! Thanks a lot for contacting me, I will reply as fast as humanly possible. Thats usually within 2 workdays :)&#8217; link=&#8217;manually,http:\/\/&#8217; subject=&#8221; autorespond=&#8221; captcha=&#8221; hide_labels=&#8217;aviaTBhide_labels&#8217; form_align=&#8221; color=&#8221; av_uid=&#8217;av-15kpak&#8217; admin_preview_bg=&#8221;][av_textblock]<br \/>\n[\/av_textblock][av_contact_field label=&#8217;Name&#8217; type=&#8217;text&#8217; options=&#8221; check=&#8217;is_empty&#8217; width=&#8217;element_half&#8217; av_uid=&#8217;av-gl5t0&#8242; multi_select=&#8221; av_contact_preselect=&#8221;]<br \/>\n[\/av_contact_field]<br \/>\n[\/av_contact]<\/p>\n<p>[\/av_one_half][av_one_half min_height=&#8221; vertical_alignment=&#8217;av-align-top&#8217; space=&#8221; margin=&#8217;0px&#8217; margin_sync=&#8217;true&#8217; row_boxshadow_color=&#8221; row_boxshadow_width=&#8217;10&#8217; link=&#8221; linktarget=&#8221; link_hover=&#8221; padding=&#8217;0px&#8217; padding_sync=&#8217;true&#8217; highlight_size=&#8217;1.1&#8242; border=&#8221; border_color=&#8221; radius=&#8217;0px&#8217; radius_sync=&#8217;true&#8217; column_boxshadow_color=&#8221; column_boxshadow_width=&#8217;10&#8217; background=&#8217;bg_color&#8217; background_color=&#8221; background_gradient_color1=&#8221; background_gradient_color2=&#8221; background_gradient_direction=&#8217;vertical&#8217; src=&#8221; attachment=&#8221; attachment_size=&#8221; background_position=&#8217;top left&#8217; background_repeat=&#8217;no-repeat&#8217; animation=&#8217;bottom-to-top&#8217; mobile_breaking=&#8221; mobile_display=&#8221; av_uid=&#8217;av-1kbp16&#8242;]<\/p>\n<p>[av_heading heading=&#8217;Mi smo smje\u0161teni u&#8217; tag=&#8217;h4&#8242; link_apply=&#8221; link=&#8217;manually,http:\/\/&#8217; link_target=&#8221; style=&#8217;blockquote modern-quote&#8217; size=&#8217;50&#8217; subheading_active=&#8221; subheading_size=&#8217;15&#8217; margin=&#8221; margin_sync=&#8217;true&#8217; padding=&#8217;10&#8217; color=&#8221; custom_font=&#8221; av-medium-font-size-title=&#8221; av-small-font-size-title=&#8221; av-mini-font-size-title=&#8221; av-medium-font-size=&#8221; av-small-font-size=&#8221; av-mini-font-size=&#8221; av_uid=&#8217;av-jv5fa8fy&#8217; admin_preview_bg=&#8221;][\/av_heading]<\/p>\n<p>[\/av_one_half][\/av_section]<\/p>\n","protected":false},"excerpt":{"rendered":"","protected":false},"author":1,"featured_media":0,"parent":0,"menu_order":0,"comment_status":"open","ping_status":"closed","template":"","meta":{"_et_pb_use_builder":"","_et_pb_old_content":"","_et_gb_content_width":"","footnotes":""},"class_list":["post-1051","page","type-page","status-publish","hentry"],"_links":{"self":[{"href":"https:\/\/lexellent.me\/index.php\/wp-json\/wp\/v2\/pages\/1051\/?lang=en"}],"collection":[{"href":"https:\/\/lexellent.me\/index.php\/wp-json\/wp\/v2\/pages\/?lang=en"}],"about":[{"href":"https:\/\/lexellent.me\/index.php\/wp-json\/wp\/v2\/types\/page\/?lang=en"}],"author":[{"embeddable":true,"href":"https:\/\/lexellent.me\/index.php\/wp-json\/wp\/v2\/users\/1\/?lang=en"}],"replies":[{"embeddable":true,"href":"https:\/\/lexellent.me\/index.php\/wp-json\/wp\/v2\/comments\/?lang=en&post=1051"}],"version-history":[{"count":30,"href":"https:\/\/lexellent.me\/index.php\/wp-json\/wp\/v2\/pages\/1051\/revisions\/?lang=en"}],"predecessor-version":[{"id":1182,"href":"https:\/\/lexellent.me\/index.php\/wp-json\/wp\/v2\/pages\/1051\/revisions\/1182\/?lang=en"}],"wp:attachment":[{"href":"https:\/\/lexellent.me\/index.php\/wp-json\/wp\/v2\/media\/?lang=en&parent=1051"}],"curies":[{"name":"wp","href":"https:\/\/api.w.org\/{rel}","templated":true}]}}