{"id":1045,"date":"2019-05-14T20:52:04","date_gmt":"2019-05-14T19:52:04","guid":{"rendered":"http:\/\/lexellent.me\/index.php\/footer-template\/"},"modified":"2022-07-09T09:18:48","modified_gmt":"2022-07-09T08:18:48","slug":"footer-template","status":"publish","type":"page","link":"https:\/\/lexellent.me\/index.php\/footer-template\/?lang=en","title":{"rendered":"Footer Template"},"content":{"rendered":"<p>[av_section min_height=&#8221; min_height_px=&#8217;500px&#8217; padding=&#8217;huge&#8217; shadow=&#8217;no-shadow&#8217; bottom_border=&#8217;no-border-styling&#8217; bottom_border_diagonal_color=&#8217;#333333&#8242; bottom_border_diagonal_direction=&#8221; bottom_border_style=&#8221; custom_arrow_bg=&#8221; id=&#8217;footer-template&#8217; color=&#8217;footer_color&#8217; background=&#8217;bg_color&#8217; custom_bg=&#8217;#ffffff&#8217; background_gradient_color1=&#8221; background_gradient_color2=&#8221; background_gradient_direction=&#8217;diagonal_bt&#8217; src=&#8221; attachment=&#8221; attachment_size=&#8221; attach=&#8217;scroll&#8217; position=&#8217;top left&#8217; repeat=&#8217;no-repeat&#8217; video=&#8221; video_ratio=&#8217;16:9&#8242; overlay_opacity=&#8217;0.5&#8242; overlay_color=&#8221; overlay_pattern=&#8221; overlay_custom_pattern=&#8221; av_element_hidden_in_editor=&#8217;0&#8242; av_uid=&#8217;av-jfgi5bwp&#8217;]<\/p>\n<p>[av_one_full first min_height=&#8221; vertical_alignment=&#8217;av-align-top&#8217; space=&#8221; custom_margin=&#8217;aviaTBcustom_margin&#8217; margin=&#8217;0px&#8217; margin_sync=&#8217;true&#8217; link=&#8217;page,156&#8242; linktarget=&#8221; link_hover=&#8217;opacity80&#8242; padding=&#8217;0px&#8217; padding_sync=&#8217;true&#8217; border=&#8221; border_color=&#8221; radius=&#8217;0px&#8217; radius_sync=&#8217;true&#8217; background=&#8217;bg_color&#8217; background_color=&#8221; background_gradient_color1=&#8221; background_gradient_color2=&#8221; background_gradient_direction=&#8217;vertical&#8217; src=&#8221; attachment=&#8221; attachment_size=&#8221; background_position=&#8217;top left&#8217; background_repeat=&#8217;no-repeat&#8217; animation=&#8221; mobile_breaking=&#8221; mobile_display=&#8221; av_uid=&#8217;av-jgs0dhmw&#8217;]<\/p>\n<p>[av_heading heading=&#8217;Imate jo\u0161 pitanja? Slobodno nam po\u0161aljite poruku!&#8217; tag=&#8217;h3&#8242; link_apply=&#8221; link=&#8217;manually,http:\/\/&#8217; link_target=&#8221; style=&#8217;blockquote modern-quote modern-centered&#8217; size=&#8217;50&#8217; subheading_active=&#8221; subheading_size=&#8217;30&#8217; margin=&#8217;0&#8242; padding=&#8217;0&#8242; color=&#8221; custom_font=&#8221; custom_class=&#8221; admin_preview_bg=&#8217;rgb(255, 255, 255)&#8217; av-desktop-hide=&#8221; av-medium-hide=&#8221; av-small-hide=&#8221; av-mini-hide=&#8221; av-medium-font-size-title=&#8221; av-small-font-size-title=&#8221; av-mini-font-size-title=&#8221; av-medium-font-size=&#8221; av-small-font-size=&#8221; av-mini-font-size=&#8221;][\/av_heading]<\/p>\n<p>[av_textblock size=&#8221; font_color=&#8221; color=&#8221; av-medium-font-size=&#8221; av-small-font-size=&#8221; av-mini-font-size=&#8221; av_uid=&#8217;av-jgfdunv8&#8242; admin_preview_bg=&#8221;]<\/p>\n<p style=\"text-align: center;\">U najkra\u0107em roku \u0107emo odgovoriti na svaki Va\u0161 upit. Ne postoji problem koji ne rje\u0161avamo!<\/p>\n<p>[\/av_textblock]<\/p>\n<p>[\/av_one_full][av_hr class=&#8217;custom&#8217; height=&#8217;50&#8217; shadow=&#8217;no-shadow&#8217; position=&#8217;center&#8217; custom_border=&#8217;av-border-thin&#8217; custom_width=&#8217;50px&#8217; custom_border_color=&#8217;#d3d3d3&#8242; custom_margin_top=&#8217;50px&#8217; custom_margin_bottom=&#8217;50px&#8217; icon_select=&#8217;yes&#8217; custom_icon_color=&#8217;#072f4c&#8217; icon=&#8217;uf119&#8242; font=&#8217;justice&#8217; av_uid=&#8217;av-jfj8eyp1&#8242; admin_preview_bg=&#8217;rgb(255, 255, 255)&#8217;]<\/p>\n<p>[av_one_full first min_height=&#8221; vertical_alignment=&#8221; space=&#8221; custom_margin=&#8221; margin=&#8217;0px&#8217; link=&#8221; linktarget=&#8221; link_hover=&#8221; padding=&#8217;0px&#8217; border=&#8221; border_color=&#8221; radius=&#8217;0px&#8217; background=&#8217;bg_color&#8217; background_color=&#8221; background_gradient_color1=&#8221; background_gradient_color2=&#8221; background_gradient_direction=&#8217;vertical&#8217; src=&#8221; background_position=&#8217;top left&#8217; background_repeat=&#8217;no-repeat&#8217; animation=&#8221; mobile_breaking=&#8221; mobile_display=&#8221; av_uid=&#8217;av-6kpu2&#8242;]<\/p>\n<p>[av_buttonrow alignment=&#8217;center&#8217; button_spacing=&#8217;20&#8217; button_spacing_unit=&#8217;px&#8217; av_uid=&#8217;av-jfj7zffg&#8217; admin_preview_bg=&#8221;]<br \/>\n[av_buttonrow_item label=&#8217;Follow me on Twitter&#8217; link=&#8217;manually,#&#8217; link_target=&#8221; size=&#8217;large&#8217; label_display=&#8217;av-button-label-on-hover&#8217; icon_select=&#8217;yes&#8217; icon=&#8217;ue8f1&#8242; font=&#8217;entypo-fontello&#8217; color=&#8217;theme-color&#8217; custom_bg=&#8217;#444444&#8242; custom_font=&#8217;#ffffff&#8217; av_uid=&#8217;av-11owzu&#8217;]<br \/>\n[av_buttonrow_item label=&#8217;Follow me on Facebook&#8217; link=&#8217;manually,#&#8217; link_target=&#8221; size=&#8217;large&#8217; label_display=&#8217;av-button-label-on-hover&#8217; icon_select=&#8217;yes&#8217; icon=&#8217;ue8f3&#8242; font=&#8217;entypo-fontello&#8217; color=&#8217;theme-color&#8217; custom_bg=&#8217;#444444&#8242; custom_font=&#8217;#ffffff&#8217; av_uid=&#8217;av-v30ya&#8217;]<br \/>\n[av_buttonrow_item label=&#8217;Follow me on Dribbble&#8217; link=&#8217;manually,#&#8217; link_target=&#8221; size=&#8217;large&#8217; label_display=&#8217;av-button-label-on-hover&#8217; icon_select=&#8217;yes&#8217; icon=&#8217;ue8fe&#8217; font=&#8217;entypo-fontello&#8217; color=&#8217;theme-color&#8217; custom_bg=&#8217;#444444&#8242; custom_font=&#8217;#ffffff&#8217; av_uid=&#8217;av-qfwqy&#8217;]<br \/>\n[av_buttonrow_item label=&#8217;Follow me on Instagram&#8217; link=&#8217;manually,#&#8217; link_target=&#8221; size=&#8217;large&#8217; label_display=&#8217;av-button-label-on-hover&#8217; icon_select=&#8217;yes&#8217; icon=&#8217;ue909&#8242; font=&#8217;entypo-fontello&#8217; color=&#8217;theme-color&#8217; custom_bg=&#8217;#444444&#8242; custom_font=&#8217;#ffffff&#8217; av_uid=&#8217;av-jx31m&#8217;]<br \/>\n[av_buttonrow_item label=&#8217;Follow me on LinkedIn&#8217; link=&#8217;manually,#&#8217; link_target=&#8221; size=&#8217;large&#8217; label_display=&#8217;av-button-label-on-hover&#8217; icon_select=&#8217;yes&#8217; icon=&#8217;ue8fc&#8217; font=&#8217;entypo-fontello&#8217; color=&#8217;theme-color&#8217; custom_bg=&#8217;#444444&#8242; custom_font=&#8217;#ffffff&#8217; av_uid=&#8217;av-g4seq&#8217;]<br \/>\n[av_buttonrow_item label=&#8217;Get in touch&#8217; link=&#8217;manually,#&#8217; link_target=&#8221; size=&#8217;large&#8217; label_display=&#8217;av-button-label-on-hover&#8217; icon_select=&#8217;yes&#8217; icon=&#8217;ue805&#8242; font=&#8217;entypo-fontello&#8217; color=&#8217;theme-color&#8217; custom_bg=&#8217;#444444&#8242; custom_font=&#8217;#ffffff&#8217; av_uid=&#8217;av-6qf2y&#8217;]<br \/>\n[\/av_buttonrow]<\/p>\n<p>[av_textblock size=&#8217;12&#8217; font_color=&#8221; color=&#8221; av-medium-font-size=&#8221; av-small-font-size=&#8221; av-mini-font-size=&#8221; av_uid=&#8217;av-jgqlrqxr&#8217; admin_preview_bg=&#8221;]<\/p>\n<p style=\"text-align: center;\"><strong>IMPRINT<\/strong><\/p>\n<p style=\"text-align: center;\">Lexellent d.o.o. Pravna Agencija | Pravni zastupnici | Bulevar D\u017eord\u017ea Va\u0161ingtona br. 6<br \/>\nTelefon: +382 (0)69 559 355 | Email: <a href=\"mailto:liveoffice@lexellent.me\">liveoffice@lexellent.me<\/a><\/p>\n<p style=\"text-align: center;\">Smje\u0161teni u Crnooj, pravna agencija Lexellent d.o.o. zastupa klijente \u0161irom Crne Gore.<\/p>\n<p style=\"text-align: center;\"><strong>UPUTA<\/strong><\/p>\n<p id=\"tw-target-text\" class=\"tw-data-text tw-ta tw-text-small\" dir=\"ltr\" style=\"text-align: center;\" data-placeholder=\"\u041f\u0440\u0435\u0432\u043e\u0434\"><span lang=\"bs\" tabindex=\"0\">Informacije sadr\u017eane na ovoj web strani slu\u017ee samo za op\u0161te informacije. Informacije se daju putem [poslovnog naziva] i dok nastojimo da informacije budu a\u017eurne i ispravne, ne dajemo nikakve izjave ili garancije bilo koje vrste, eksplicitne ili implicitne, u pogledu kompletnosti, ta\u010dnosti, pouzdanosti, prikladnosti ili dostupnosti s obzirom na web stranicu ili informacije, proizvode, usluge ili povezane grafike sadr\u017eane na web stranici za bilo koju svrhu. Svako oslanjanje na takve informacije je stoga na va\u0161em riziku.<\/span><\/p>\n<p>[\/av_textblock]<\/p>\n<p>[\/av_one_full][av_hr class=&#8217;custom&#8217; height=&#8217;50&#8217; shadow=&#8217;no-shadow&#8217; position=&#8217;center&#8217; custom_border=&#8217;av-border-thin&#8217; custom_width=&#8217;50px&#8217; custom_border_color=&#8217;#d3d3d3&#8242; custom_margin_top=&#8217;30px&#8217; custom_margin_bottom=&#8217;30px&#8217; icon_select=&#8217;yes&#8217; custom_icon_color=&#8217;#072f4c&#8217; icon=&#8217;uf119&#8242; font=&#8217;justice&#8217; av_uid=&#8217;av-jfj8eyp1&#8242; admin_preview_bg=&#8217;rgb(255, 255, 255)&#8217;]<\/p>\n<p>[av_one_third first min_height=&#8221; vertical_alignment=&#8217;av-align-top&#8217; space=&#8221; custom_margin=&#8217;aviaTBcustom_margin&#8217; margin=&#8217;0px&#8217; margin_sync=&#8217;true&#8217; link=&#8221; linktarget=&#8221; link_hover=&#8221; padding=&#8217;0px&#8217; padding_sync=&#8217;true&#8217; border=&#8221; border_color=&#8221; radius=&#8217;0px&#8217; radius_sync=&#8217;true&#8217; background=&#8217;bg_color&#8217; background_color=&#8221; background_gradient_color1=&#8221; background_gradient_color2=&#8221; background_gradient_direction=&#8217;vertical&#8217; src=&#8221; attachment=&#8221; attachment_size=&#8221; background_position=&#8217;top left&#8217; background_repeat=&#8217;no-repeat&#8217; animation=&#8221; mobile_breaking=&#8221; mobile_display=&#8221; av_uid=&#8217;av-2gdk2&#8242;]<\/p>\n<p>[\/av_one_third][av_one_third min_height=&#8221; vertical_alignment=&#8221; space=&#8221; custom_margin=&#8221; margin=&#8217;0px&#8217; link=&#8221; linktarget=&#8221; link_hover=&#8221; padding=&#8217;0px&#8217; border=&#8221; border_color=&#8221; radius=&#8217;0px&#8217; background=&#8217;bg_color&#8217; background_color=&#8221; background_gradient_color1=&#8221; background_gradient_color2=&#8221; background_gradient_direction=&#8217;vertical&#8217; src=&#8221; background_position=&#8217;top left&#8217; background_repeat=&#8217;no-repeat&#8217; animation=&#8221; mobile_breaking=&#8221; mobile_display=&#8221; av_uid=&#8217;av-lejfe&#8217;]<\/p>\n<p>[av_textblock size=&#8217;12&#8217; font_color=&#8221; color=&#8221; av-medium-font-size=&#8221; av-small-font-size=&#8221; av-mini-font-size=&#8221; av_uid=&#8217;av-jfiohzkt&#8217; admin_preview_bg=&#8221;]<\/p>\n<p style=\"text-align: center;\"><a href=\"http:\/\/lexellent.me\/index.php\/about\/\">O nama<\/a> | <a href=\"#\">Imprint<\/a> | <a href=\"http:\/\/lexellent.me\/index.php\/get-in-touch\/\">Kontakt<\/a> | <a href=\"http:\/\/lexellent.me\/index.php\/privacy-policy\/\">Uslovi<\/a><\/p>\n<p>[\/av_textblock]<\/p>\n<p>[av_textblock size=&#8217;12&#8217; font_color=&#8221; color=&#8221; av-medium-font-size=&#8221; av-small-font-size=&#8221; av-mini-font-size=&#8221; av_uid=&#8217;av-jfiohzkt&#8217; admin_preview_bg=&#8221;]<\/p>\n<p style=\"text-align: center;\"><a href=\"http:\/\/dutaco.com\">\u00a9 2019 Dutaco Co.<\/a><\/p>\n<p>[\/av_textblock]<\/p>\n<p>[\/av_one_third][av_one_third min_height=&#8221; vertical_alignment=&#8221; space=&#8221; custom_margin=&#8221; margin=&#8217;0px&#8217; link=&#8221; linktarget=&#8221; link_hover=&#8221; padding=&#8217;0px&#8217; border=&#8221; border_color=&#8221; radius=&#8217;0px&#8217; background=&#8217;bg_color&#8217; background_color=&#8221; background_gradient_color1=&#8221; background_gradient_color2=&#8221; background_gradient_direction=&#8217;vertical&#8217; src=&#8221; background_position=&#8217;top left&#8217; background_repeat=&#8217;no-repeat&#8217; animation=&#8221; mobile_breaking=&#8221; mobile_display=&#8221; av_uid=&#8217;av-6l59m&#8217;]<\/p>\n<p>[\/av_one_third][\/av_section]<\/p>\n","protected":false},"excerpt":{"rendered":"","protected":false},"author":1,"featured_media":0,"parent":0,"menu_order":0,"comment_status":"closed","ping_status":"closed","template":"","meta":{"_et_pb_use_builder":"","_et_pb_old_content":"","_et_gb_content_width":"","footnotes":""},"class_list":["post-1045","page","type-page","status-publish","hentry"],"_links":{"self":[{"href":"https:\/\/lexellent.me\/index.php\/wp-json\/wp\/v2\/pages\/1045\/?lang=en"}],"collection":[{"href":"https:\/\/lexellent.me\/index.php\/wp-json\/wp\/v2\/pages\/?lang=en"}],"about":[{"href":"https:\/\/lexellent.me\/index.php\/wp-json\/wp\/v2\/types\/page\/?lang=en"}],"author":[{"embeddable":true,"href":"https:\/\/lexellent.me\/index.php\/wp-json\/wp\/v2\/users\/1\/?lang=en"}],"replies":[{"embeddable":true,"href":"https:\/\/lexellent.me\/index.php\/wp-json\/wp\/v2\/comments\/?lang=en&post=1045"}],"version-history":[{"count":13,"href":"https:\/\/lexellent.me\/index.php\/wp-json\/wp\/v2\/pages\/1045\/revisions\/?lang=en"}],"predecessor-version":[{"id":1186,"href":"https:\/\/lexellent.me\/index.php\/wp-json\/wp\/v2\/pages\/1045\/revisions\/1186\/?lang=en"}],"wp:attachment":[{"href":"https:\/\/lexellent.me\/index.php\/wp-json\/wp\/v2\/media\/?lang=en&parent=1045"}],"curies":[{"name":"wp","href":"https:\/\/api.w.org\/{rel}","templated":true}]}}